{"id":1062,"date":"2023-06-07T11:33:35","date_gmt":"2023-06-07T09:33:35","guid":{"rendered":"https:\/\/youngcom.de\/?page_id=1062"},"modified":"2025-09-09T09:42:28","modified_gmt":"2025-09-09T07:42:28","slug":"kundenradar","status":"publish","type":"page","link":"https:\/\/youngcom.de\/en\/kundenradar\/","title":{"rendered":"CustomerRADAR"},"content":{"rendered":"<div data-elementor-type=\"wp-page\" data-elementor-id=\"1062\" class=\"elementor elementor-1062\" data-elementor-settings=\"[]\">\n\t\t\t\t\t\t\t<div class=\"elementor-section-wrap\">\n\t\t\t\t\t\t\t<section class=\"elementor-section elementor-top-section elementor-element elementor-element-7a325773 elementor-section-height-min-height elementor-section-content-middle elementor-section-boxed elementor-section-height-default elementor-section-items-middle\" data-id=\"7a325773\" data-element_type=\"section\" data-settings=\"{&quot;background_background&quot;:&quot;classic&quot;}\">\n\t\t\t\t\t\t\t<div class=\"elementor-background-overlay\"><\/div>\n\t\t\t\t\t\t\t<div class=\"elementor-container elementor-column-gap-no\">\n\t\t\t\t\t<div class=\"elementor-column elementor-col-50 elementor-top-column elementor-element elementor-element-1fe240e0\" data-id=\"1fe240e0\" data-element_type=\"column\">\n\t\t\t<div class=\"elementor-widget-wrap\">\n\t\t\t\t\t\t\t\t\t<\/div>\n\t\t<\/div>\n\t\t\t\t<div class=\"elementor-column elementor-col-50 elementor-top-column elementor-element elementor-element-1d0d1368\" data-id=\"1d0d1368\" data-element_type=\"column\">\n\t\t\t<div class=\"elementor-widget-wrap elementor-element-populated\">\n\t\t\t\t\t\t\t\t\t<\/div>\n\t\t<\/div>\n\t\t\t\t\t\t\t<\/div>\n\t\t<\/section>\n\t\t\t\t<section class=\"elementor-section elementor-top-section elementor-element elementor-element-e8f3be0 elementor-section-boxed elementor-section-height-default elementor-section-height-default\" data-id=\"e8f3be0\" data-element_type=\"section\">\n\t\t\t\t\t\t<div class=\"elementor-container elementor-column-gap-default\">\n\t\t\t\t\t<div class=\"elementor-column elementor-col-100 elementor-top-column elementor-element elementor-element-9c6745a\" data-id=\"9c6745a\" data-element_type=\"column\">\n\t\t\t<div class=\"elementor-widget-wrap elementor-element-populated\">\n\t\t\t\t\t\t\t\t<div class=\"elementor-element elementor-element-c2d5612 elementor-widget elementor-widget-heading\" data-id=\"c2d5612\" data-element_type=\"widget\" data-widget_type=\"heading.default\">\n\t\t\t\t<div class=\"elementor-widget-container\">\n\t\t\t<h2 class=\"elementor-heading-title elementor-size-default\">CustomerRADAR for financial providers, insurance companies and advisors.<\/h2>\t\t<\/div>\n\t\t\t\t<\/div>\n\t\t\t\t<div class=\"elementor-element elementor-element-c181cfd elementor-widget elementor-widget-heading\" data-id=\"c181cfd\" data-element_type=\"widget\" data-widget_type=\"heading.default\">\n\t\t\t\t<div class=\"elementor-widget-container\">\n\t\t\t<h2 class=\"elementor-heading-title elementor-size-default\"><span>With the CustomerRADAR you will receive<\/span><span> Banks and insurance companies receive unique insights that compare your company and\/or your offerings with the expectations of young people. <\/span><span>Find out where your strengths lie \u2013 and where expectations are missed. <\/span><span>\nImportant results for brand management, product development or communication<\/span><br><br><span><strong>What is being measured?<\/strong><\/span><br><span>- Value compatibility <\/span><br><span>- Perception: trust, sustainability, price-performance, etc.<\/span><br><span>- Expectation: Digital services, communication, consulting, etc.\n<\/span><br><br><span><strong>Process:<\/strong><\/span><br><span>As part of our studies, we collected 40 target group-relevant theses from the customer groups.<\/span><br><span>\nThis data forms the basis for the individual examination.\n<\/span><br><span>In addition, we use three different AI models \u2013 based on clearly defined prompts \u2013 to determine your company&#039;s AI rating. Finally, we compare <\/span><span>Your information with the survey results of the young target group<\/span><span> and the results of the AI rating.<\/span><br><span>\nThis will provide you with a comprehensive report with a trust score, strengths and weaknesses profile, and clear recommendations for action.<\/span><br><\/h2>\t\t<\/div>\n\t\t\t\t<\/div>\n\t\t\t\t<div class=\"elementor-element elementor-element-cd801e9 elementor-button-info elementor-align-center elementor-widget elementor-widget-button\" data-id=\"cd801e9\" data-element_type=\"widget\" data-widget_type=\"button.default\">\n\t\t\t\t<div class=\"elementor-widget-container\">\n\t\t\t\t\t<div class=\"elementor-button-wrapper\">\n\t\t\t<a href=\"http:\/\/homeyer@youngcom.de\/en\/\" class=\"elementor-button-link elementor-button elementor-size-sm\" role=\"button\">\n\t\t\t\t\t\t<span class=\"elementor-button-content-wrapper\">\n\t\t\t\t\t\t<span class=\"elementor-button-text\">Request more information<\/span>\n\t\t<\/span>\n\t\t\t\t\t<\/a>\n\t\t<\/div>\n\t\t\t\t<\/div>\n\t\t\t\t<\/div>\n\t\t\t\t<div class=\"elementor-element elementor-element-0ea0590 elementor-button-info elementor-align-center elementor-widget elementor-widget-button\" data-id=\"0ea0590\" data-element_type=\"widget\" data-widget_type=\"button.default\">\n\t\t\t\t<div class=\"elementor-widget-container\">\n\t\t\t\t\t<div class=\"elementor-button-wrapper\">\n\t\t\t<a href=\"https:\/\/youngcom.de\/en\/bestellformular\/\" class=\"elementor-button-link elementor-button elementor-size-sm\" role=\"button\">\n\t\t\t\t\t\t<span class=\"elementor-button-content-wrapper\">\n\t\t\t\t\t\t<span class=\"elementor-button-text\">Order now<\/span>\n\t\t<\/span>\n\t\t\t\t\t<\/a>\n\t\t<\/div>\n\t\t\t\t<\/div>\n\t\t\t\t<\/div>\n\t\t\t\t\t<\/div>\n\t\t<\/div>\n\t\t\t\t\t\t\t<\/div>\n\t\t<\/section>\n\t\t\t\t<section class=\"elementor-section elementor-top-section elementor-element elementor-element-99e4f9d elementor-section-boxed elementor-section-height-default elementor-section-height-default\" data-id=\"99e4f9d\" data-element_type=\"section\">\n\t\t\t\t\t\t<div class=\"elementor-container elementor-column-gap-default\">\n\t\t\t\t\t<div class=\"elementor-column elementor-col-50 elementor-top-column elementor-element elementor-element-c03cc6d\" data-id=\"c03cc6d\" data-element_type=\"column\">\n\t\t\t<div class=\"elementor-widget-wrap elementor-element-populated\">\n\t\t\t\t\t\t\t\t<div class=\"elementor-element elementor-element-1a6e3c3 elementor-widget elementor-widget-image\" data-id=\"1a6e3c3\" data-element_type=\"widget\" data-widget_type=\"image.default\">\n\t\t\t\t<div class=\"elementor-widget-container\">\n\t\t\t\t\t\t\t\t\t\t\t\t\t\t\t<img width=\"469\" height=\"757\" src=\"https:\/\/youngcom.de\/wp-content\/uploads\/sites\/2\/2025\/07\/MATCH2.png\" class=\"attachment-large size-large\" alt=\"\" loading=\"lazy\" srcset=\"https:\/\/youngcom.de\/wp-content\/uploads\/sites\/2\/2025\/07\/MATCH2.png 469w, https:\/\/youngcom.de\/wp-content\/uploads\/sites\/2\/2025\/07\/MATCH2-186x300.png 186w, https:\/\/youngcom.de\/wp-content\/uploads\/sites\/2\/2025\/07\/MATCH2-7x12.png 7w\" sizes=\"(max-width: 469px) 100vw, 469px\" \/>\t\t\t\t\t\t\t\t\t\t\t\t\t\t\t<\/div>\n\t\t\t\t<\/div>\n\t\t\t\t\t<\/div>\n\t\t<\/div>\n\t\t\t\t<div class=\"elementor-column elementor-col-50 elementor-top-column elementor-element elementor-element-3f7e366\" data-id=\"3f7e366\" data-element_type=\"column\">\n\t\t\t<div class=\"elementor-widget-wrap elementor-element-populated\">\n\t\t\t\t\t\t\t\t<div class=\"elementor-element elementor-element-b157e1f elementor-widget elementor-widget-image\" data-id=\"b157e1f\" data-element_type=\"widget\" data-widget_type=\"image.default\">\n\t\t\t\t<div class=\"elementor-widget-container\">\n\t\t\t\t\t\t\t\t\t\t\t\t\t\t\t<img width=\"568\" height=\"670\" src=\"https:\/\/youngcom.de\/wp-content\/uploads\/sites\/2\/2025\/07\/MATCH1.png\" class=\"attachment-large size-large\" alt=\"\" loading=\"lazy\" srcset=\"https:\/\/youngcom.de\/wp-content\/uploads\/sites\/2\/2025\/07\/MATCH1.png 568w, https:\/\/youngcom.de\/wp-content\/uploads\/sites\/2\/2025\/07\/MATCH1-254x300.png 254w, https:\/\/youngcom.de\/wp-content\/uploads\/sites\/2\/2025\/07\/MATCH1-10x12.png 10w\" sizes=\"(max-width: 568px) 100vw, 568px\" \/>\t\t\t\t\t\t\t\t\t\t\t\t\t\t\t<\/div>\n\t\t\t\t<\/div>\n\t\t\t\t\t<\/div>\n\t\t<\/div>\n\t\t\t\t\t\t\t<\/div>\n\t\t<\/section>\n\t\t\t\t<section class=\"elementor-section elementor-top-section elementor-element elementor-element-4e92d4b0 elementor-section-boxed elementor-section-height-default elementor-section-height-default\" data-id=\"4e92d4b0\" data-element_type=\"section\" data-settings=\"{&quot;background_background&quot;:&quot;classic&quot;}\">\n\t\t\t\t\t\t<div class=\"elementor-container elementor-column-gap-default\">\n\t\t\t\t\t<div class=\"elementor-column elementor-col-100 elementor-top-column elementor-element elementor-element-678db626\" data-id=\"678db626\" data-element_type=\"column\">\n\t\t\t<div class=\"elementor-widget-wrap elementor-element-populated\">\n\t\t\t\t\t\t\t\t<div class=\"elementor-element elementor-element-17a1f153 elementor-widget elementor-widget-heading\" data-id=\"17a1f153\" data-element_type=\"widget\" data-widget_type=\"heading.default\">\n\t\t\t\t<div class=\"elementor-widget-container\">\n\t\t\t<h4 class=\"elementor-heading-title elementor-size-default\">Youngcom GmbH<\/h4>\t\t<\/div>\n\t\t\t\t<\/div>\n\t\t\t\t<div class=\"elementor-element elementor-element-75eae38b elementor-align-left elementor-icon-list--layout-traditional elementor-list-item-link-full_width elementor-widget elementor-widget-icon-list\" data-id=\"75eae38b\" data-element_type=\"widget\" data-widget_type=\"icon-list.default\">\n\t\t\t\t<div class=\"elementor-widget-container\">\n\t\t\t\t\t<ul class=\"elementor-icon-list-items\">\n\t\t\t\t\t\t\t<li class=\"elementor-icon-list-item\">\n\t\t\t\t\t\t\t\t\t\t\t<a href=\"https:\/\/youngcom.de\/en\/impressum-2\/\">\n\n\t\t\t\t\t\t\t\t\t\t\t<span class=\"elementor-icon-list-text\">imprint<\/span>\n\t\t\t\t\t\t\t\t\t\t\t<\/a>\n\t\t\t\t\t\t\t\t\t<\/li>\n\t\t\t\t\t\t\t\t<li class=\"elementor-icon-list-item\">\n\t\t\t\t\t\t\t\t\t\t\t<a href=\"https:\/\/youngcom.de\/en\/datenschutz\/\">\n\n\t\t\t\t\t\t\t\t\t\t\t<span class=\"elementor-icon-list-text\">privacy<\/span>\n\t\t\t\t\t\t\t\t\t\t\t<\/a>\n\t\t\t\t\t\t\t\t\t<\/li>\n\t\t\t\t\t\t\t\t<li class=\"elementor-icon-list-item\">\n\t\t\t\t\t\t\t\t\t\t<span class=\"elementor-icon-list-text\">mail@youngcom.de<\/span>\n\t\t\t\t\t\t\t\t\t<\/li>\n\t\t\t\t\t\t<\/ul>\n\t\t\t\t<\/div>\n\t\t\t\t<\/div>\n\t\t\t\t\t<\/div>\n\t\t<\/div>\n\t\t\t\t\t\t\t<\/div>\n\t\t<\/section>\n\t\t\t\t\t\t<\/div>\n\t\t\t\t\t<\/div>","protected":false},"excerpt":{"rendered":"<p>KundenRADAR f\u00fcr Finanzanbieter, Versicherungen und Berater:innen. Mit dem KundenRADAR erhalten Banken und Versicherungen einzigartige Insights, das Ihr Unternehmen und\/oder Ihr Angebot mit den Erwartungen junger Menschen abgleicht. Finden Sie heraus, wo Ihre St\u00e4rken liegen \u2013 und wo Erwartungen verfehlt werden. Wichtige Ergebnisse f\u00fcr Markenf\u00fchrung, Produktentwicklung oder Kommunikation Was wird gemessen?&#8211; Wertekompatibilit\u00e4t &#8211; Wahrnehmung: Vertrauen, Nachhaltigkeit, [&hellip;]<\/p>\n","protected":false},"author":1,"featured_media":0,"parent":0,"menu_order":0,"comment_status":"closed","ping_status":"closed","template":"","meta":[],"yoast_head":"<!-- This site is optimized with the Yoast SEO plugin v20.1 - https:\/\/yoast.com\/wordpress\/plugins\/seo\/ -->\n<title>KundenRADAR - Youngcom.de<\/title>\n<meta name=\"robots\" content=\"index, follow, max-snippet:-1, max-image-preview:large, max-video-preview:-1\" \/>\n<link rel=\"canonical\" href=\"https:\/\/youngcom.de\/en\/kundenradar\/\" \/>\n<meta property=\"og:locale\" content=\"en_US\" \/>\n<meta property=\"og:type\" content=\"article\" \/>\n<meta property=\"og:title\" content=\"KundenRADAR - Youngcom.de\" \/>\n<meta property=\"og:description\" content=\"KundenRADAR f\u00fcr Finanzanbieter, Versicherungen und Berater:innen. Mit dem KundenRADAR erhalten Banken und Versicherungen einzigartige Insights, das Ihr Unternehmen und\/oder Ihr Angebot mit den Erwartungen junger Menschen abgleicht. Finden Sie heraus, wo Ihre St\u00e4rken liegen \u2013 und wo Erwartungen verfehlt werden. Wichtige Ergebnisse f\u00fcr Markenf\u00fchrung, Produktentwicklung oder Kommunikation Was wird gemessen?&#8211; Wertekompatibilit\u00e4t &#8211; Wahrnehmung: Vertrauen, Nachhaltigkeit, [&hellip;]\" \/>\n<meta property=\"og:url\" content=\"https:\/\/youngcom.de\/en\/kundenradar\/\" \/>\n<meta property=\"og:site_name\" content=\"Youngcom.de\" \/>\n<meta property=\"article:modified_time\" content=\"2025-09-09T07:42:28+00:00\" \/>\n<meta property=\"og:image\" content=\"https:\/\/youngcom.de\/wp-content\/uploads\/sites\/2\/2025\/07\/MATCH2.png\" \/>\n<meta name=\"twitter:card\" content=\"summary_large_image\" \/>\n<meta name=\"twitter:label1\" content=\"Est. reading time\" \/>\n\t<meta name=\"twitter:data1\" content=\"2 minutes\" \/>\n<script type=\"application\/ld+json\" class=\"yoast-schema-graph\">{\"@context\":\"https:\/\/schema.org\",\"@graph\":[{\"@type\":\"WebPage\",\"@id\":\"https:\/\/youngcom.de\/kundenradar\/\",\"url\":\"https:\/\/youngcom.de\/kundenradar\/\",\"name\":\"KundenRADAR - Youngcom.de\",\"isPartOf\":{\"@id\":\"https:\/\/youngcom.de\/#website\"},\"datePublished\":\"2023-06-07T09:33:35+00:00\",\"dateModified\":\"2025-09-09T07:42:28+00:00\",\"breadcrumb\":{\"@id\":\"https:\/\/youngcom.de\/kundenradar\/#breadcrumb\"},\"inLanguage\":\"en-US\",\"potentialAction\":[{\"@type\":\"ReadAction\",\"target\":[\"https:\/\/youngcom.de\/kundenradar\/\"]}]},{\"@type\":\"BreadcrumbList\",\"@id\":\"https:\/\/youngcom.de\/kundenradar\/#breadcrumb\",\"itemListElement\":[{\"@type\":\"ListItem\",\"position\":1,\"name\":\"Startseite\",\"item\":\"https:\/\/youngcom.de\/\"},{\"@type\":\"ListItem\",\"position\":2,\"name\":\"KundenRADAR\"}]},{\"@type\":\"WebSite\",\"@id\":\"https:\/\/youngcom.de\/#website\",\"url\":\"https:\/\/youngcom.de\/\",\"name\":\"Youngcom.de\",\"description\":\"Generationenforschung\",\"potentialAction\":[{\"@type\":\"SearchAction\",\"target\":{\"@type\":\"EntryPoint\",\"urlTemplate\":\"https:\/\/youngcom.de\/?s={search_term_string}\"},\"query-input\":\"required name=search_term_string\"}],\"inLanguage\":\"en-US\"}]}<\/script>\n<!-- \/ Yoast SEO plugin. -->","yoast_head_json":{"title":"KundenRADAR - Youngcom.de","robots":{"index":"index","follow":"follow","max-snippet":"max-snippet:-1","max-image-preview":"max-image-preview:large","max-video-preview":"max-video-preview:-1"},"canonical":"https:\/\/youngcom.de\/en\/kundenradar\/","og_locale":"en_US","og_type":"article","og_title":"KundenRADAR - Youngcom.de","og_description":"KundenRADAR f\u00fcr Finanzanbieter, Versicherungen und Berater:innen. Mit dem KundenRADAR erhalten Banken und Versicherungen einzigartige Insights, das Ihr Unternehmen und\/oder Ihr Angebot mit den Erwartungen junger Menschen abgleicht. Finden Sie heraus, wo Ihre St\u00e4rken liegen \u2013 und wo Erwartungen verfehlt werden. Wichtige Ergebnisse f\u00fcr Markenf\u00fchrung, Produktentwicklung oder Kommunikation Was wird gemessen?&#8211; Wertekompatibilit\u00e4t &#8211; Wahrnehmung: Vertrauen, Nachhaltigkeit, [&hellip;]","og_url":"https:\/\/youngcom.de\/en\/kundenradar\/","og_site_name":"Youngcom.de","article_modified_time":"2025-09-09T07:42:28+00:00","og_image":[{"url":"https:\/\/youngcom.de\/wp-content\/uploads\/sites\/2\/2025\/07\/MATCH2.png"}],"twitter_card":"summary_large_image","twitter_misc":{"Est. reading time":"2 minutes"},"schema":{"@context":"https:\/\/schema.org","@graph":[{"@type":"WebPage","@id":"https:\/\/youngcom.de\/kundenradar\/","url":"https:\/\/youngcom.de\/kundenradar\/","name":"KundenRADAR - Youngcom.de","isPartOf":{"@id":"https:\/\/youngcom.de\/#website"},"datePublished":"2023-06-07T09:33:35+00:00","dateModified":"2025-09-09T07:42:28+00:00","breadcrumb":{"@id":"https:\/\/youngcom.de\/kundenradar\/#breadcrumb"},"inLanguage":"en-US","potentialAction":[{"@type":"ReadAction","target":["https:\/\/youngcom.de\/kundenradar\/"]}]},{"@type":"BreadcrumbList","@id":"https:\/\/youngcom.de\/kundenradar\/#breadcrumb","itemListElement":[{"@type":"ListItem","position":1,"name":"Startseite","item":"https:\/\/youngcom.de\/"},{"@type":"ListItem","position":2,"name":"KundenRADAR"}]},{"@type":"WebSite","@id":"https:\/\/youngcom.de\/#website","url":"https:\/\/youngcom.de\/","name":"Youngcom.de","description":"generational research","potentialAction":[{"@type":"SearchAction","target":{"@type":"EntryPoint","urlTemplate":"https:\/\/youngcom.de\/?s={search_term_string}"},"query-input":"required name=search_term_string"}],"inLanguage":"en-US"}]}},"_links":{"self":[{"href":"https:\/\/youngcom.de\/en\/wp-json\/wp\/v2\/pages\/1062"}],"collection":[{"href":"https:\/\/youngcom.de\/en\/wp-json\/wp\/v2\/pages"}],"about":[{"href":"https:\/\/youngcom.de\/en\/wp-json\/wp\/v2\/types\/page"}],"author":[{"embeddable":true,"href":"https:\/\/youngcom.de\/en\/wp-json\/wp\/v2\/users\/1"}],"replies":[{"embeddable":true,"href":"https:\/\/youngcom.de\/en\/wp-json\/wp\/v2\/comments?post=1062"}],"version-history":[{"count":154,"href":"https:\/\/youngcom.de\/en\/wp-json\/wp\/v2\/pages\/1062\/revisions"}],"predecessor-version":[{"id":2228,"href":"https:\/\/youngcom.de\/en\/wp-json\/wp\/v2\/pages\/1062\/revisions\/2228"}],"wp:attachment":[{"href":"https:\/\/youngcom.de\/en\/wp-json\/wp\/v2\/media?parent=1062"}],"curies":[{"name":"wp","href":"https:\/\/api.w.org\/{rel}","templated":true}]}}