{"id":1198,"date":"2024-09-19T15:47:24","date_gmt":"2024-09-19T13:47:24","guid":{"rendered":"https:\/\/youngcom.de\/?page_id=1198"},"modified":"2026-01-02T16:20:19","modified_gmt":"2026-01-02T15:20:19","slug":"youngcom","status":"publish","type":"page","link":"https:\/\/youngcom.de\/en\/","title":{"rendered":"Youngcom"},"content":{"rendered":"<div data-elementor-type=\"wp-page\" data-elementor-id=\"1198\" class=\"elementor elementor-1198\" data-elementor-settings=\"[]\">\n\t\t\t\t\t\t\t<div class=\"elementor-section-wrap\">\n\t\t\t\t\t\t\t<section class=\"elementor-section elementor-top-section elementor-element elementor-element-7a325773 elementor-section-height-min-height elementor-section-content-middle elementor-section-boxed elementor-section-height-default elementor-section-items-middle\" data-id=\"7a325773\" data-element_type=\"section\" data-settings=\"{&quot;background_background&quot;:&quot;classic&quot;}\">\n\t\t\t\t\t\t\t<div class=\"elementor-background-overlay\"><\/div>\n\t\t\t\t\t\t\t<div class=\"elementor-container elementor-column-gap-no\">\n\t\t\t\t\t<header class=\"elementor-column elementor-col-100 elementor-top-column elementor-element elementor-element-1d0d1368\" data-id=\"1d0d1368\" data-element_type=\"column\">\n\t\t\t<div class=\"elementor-widget-wrap elementor-element-populated\">\n\t\t\t\t\t\t\t\t<div class=\"elementor-element elementor-element-43d96f57 elementor-absolute elementor-widget elementor-widget-heading\" data-id=\"43d96f57\" data-element_type=\"widget\" data-settings=\"{&quot;_position&quot;:&quot;absolute&quot;}\" data-widget_type=\"heading.default\">\n\t\t\t\t<div class=\"elementor-widget-container\">\n\t\t\t<h2 class=\"elementor-heading-title elementor-size-medium\">Valuable insights for financial providers and insurance companies.<\/h2>\t\t<\/div>\n\t\t\t\t<\/div>\n\t\t\t\t\t<\/div>\n\t\t<\/header>\n\t\t\t\t\t\t\t<\/div>\n\t\t<\/section>\n\t\t\t\t<section class=\"elementor-section elementor-top-section elementor-element elementor-element-c9ce770 elementor-section-boxed elementor-section-height-default elementor-section-height-default\" data-id=\"c9ce770\" data-element_type=\"section\">\n\t\t\t\t\t\t<div class=\"elementor-container elementor-column-gap-default\">\n\t\t\t\t\t<div class=\"elementor-column elementor-col-100 elementor-top-column elementor-element elementor-element-15371e1\" data-id=\"15371e1\" data-element_type=\"column\">\n\t\t\t<div class=\"elementor-widget-wrap elementor-element-populated\">\n\t\t\t\t\t\t\t\t\t<\/div>\n\t\t<\/div>\n\t\t\t\t\t\t\t<\/div>\n\t\t<\/section>\n\t\t\t\t<section class=\"elementor-section elementor-top-section elementor-element elementor-element-733832e elementor-section-boxed elementor-section-height-default elementor-section-height-default\" data-id=\"733832e\" data-element_type=\"section\">\n\t\t\t\t\t\t<div class=\"elementor-container elementor-column-gap-default\">\n\t\t\t\t\t<div class=\"elementor-column elementor-col-50 elementor-top-column elementor-element elementor-element-00bfdf4\" data-id=\"00bfdf4\" data-element_type=\"column\">\n\t\t\t<div class=\"elementor-widget-wrap elementor-element-populated\">\n\t\t\t\t\t\t\t\t<div class=\"elementor-element elementor-element-13e1ab5 elementor-widget elementor-widget-heading\" data-id=\"13e1ab5\" data-element_type=\"widget\" data-widget_type=\"heading.default\">\n\t\t\t\t<div class=\"elementor-widget-container\">\n\t\t\t<h2 class=\"elementor-heading-title elementor-size-default\">YOUNGCOM<\/h2>\t\t<\/div>\n\t\t\t\t<\/div>\n\t\t\t\t<div class=\"elementor-element elementor-element-d5a1e6d elementor-widget elementor-widget-heading\" data-id=\"d5a1e6d\" data-element_type=\"widget\" data-widget_type=\"heading.default\">\n\t\t\t\t<div class=\"elementor-widget-container\">\n\t\t\t<h2 class=\"elementor-heading-title elementor-size-default\"><span>Youngcom is the specialized partner for insurance companies and financial service providers that <\/span>young adults and families <span>want to achieve.<\/span><span>\n<br>\n<br>\nThrough studies, reports and the YoungBrandAwards, we translate the opinions and expectations of young adults and families into clear insights.<\/span><br><span>\n<br>\n\nThe foundation for better products, credible communication and sustainable growth.<\/span><br><\/h2>\t\t<\/div>\n\t\t\t\t<\/div>\n\t\t\t\t<div class=\"elementor-element elementor-element-8b04b63 elementor-align-center elementor-widget elementor-widget-button\" data-id=\"8b04b63\" data-element_type=\"widget\" data-widget_type=\"button.default\">\n\t\t\t\t<div class=\"elementor-widget-container\">\n\t\t\t\t\t<div class=\"elementor-button-wrapper\">\n\t\t\t<a href=\"mailto:homeyer@youngcom.de\" class=\"elementor-button-link elementor-button elementor-size-sm\" role=\"button\">\n\t\t\t\t\t\t<span class=\"elementor-button-content-wrapper\">\n\t\t\t\t\t\t<span class=\"elementor-button-text\">CONTACT<\/span>\n\t\t<\/span>\n\t\t\t\t\t<\/a>\n\t\t<\/div>\n\t\t\t\t<\/div>\n\t\t\t\t<\/div>\n\t\t\t\t\t<\/div>\n\t\t<\/div>\n\t\t\t\t<div class=\"elementor-column elementor-col-50 elementor-top-column elementor-element elementor-element-0637964\" data-id=\"0637964\" data-element_type=\"column\">\n\t\t\t<div class=\"elementor-widget-wrap elementor-element-populated\">\n\t\t\t\t\t\t\t\t<div class=\"elementor-element elementor-element-1e9dffd elementor-widget elementor-widget-heading\" data-id=\"1e9dffd\" data-element_type=\"widget\" data-widget_type=\"heading.default\">\n\t\t\t\t<div class=\"elementor-widget-container\">\n\t\t\t<h2 class=\"elementor-heading-title elementor-size-default\"><a href=\"https:\/\/youngcom.de\/en\/next-gen-finance-2025\/\"><b>STUDY: NEXT GEN FINANCE <\/b><br><b>\n<\/b>Young Adults and Finance 2025\/2026<\/a><\/h2>\t\t<\/div>\n\t\t\t\t<\/div>\n\t\t\t\t<div class=\"elementor-element elementor-element-b0caab7 elementor-widget elementor-widget-heading\" data-id=\"b0caab7\" data-element_type=\"widget\" data-widget_type=\"heading.default\">\n\t\t\t\t<div class=\"elementor-widget-container\">\n\t\t\t<h2 class=\"elementor-heading-title elementor-size-default\"><a href=\"https:\/\/youngcom.de\/en\/next-gen-insurance-2025\/\"><b>STUDY: NEXT GEN INSURANCE <\/b><br><b>\n<\/b>Young Adults and Insurance 2025\/2026<\/a><\/h2>\t\t<\/div>\n\t\t\t\t<\/div>\n\t\t\t\t\t<\/div>\n\t\t<\/div>\n\t\t\t\t\t\t\t<\/div>\n\t\t<\/section>\n\t\t\t\t<section class=\"elementor-section elementor-top-section elementor-element elementor-element-16eedd92 elementor-section-boxed elementor-section-height-default elementor-section-height-default\" data-id=\"16eedd92\" data-element_type=\"section\" data-settings=\"{&quot;background_background&quot;:&quot;classic&quot;}\">\n\t\t\t\t\t\t<div class=\"elementor-container elementor-column-gap-default\">\n\t\t\t\t\t<div class=\"elementor-column elementor-col-100 elementor-top-column elementor-element elementor-element-7b93ab03\" data-id=\"7b93ab03\" data-element_type=\"column\">\n\t\t\t<div class=\"elementor-widget-wrap elementor-element-populated\">\n\t\t\t\t\t\t\t\t<div class=\"elementor-element elementor-element-7007f730 elementor-widget elementor-widget-heading\" data-id=\"7007f730\" data-element_type=\"widget\" data-widget_type=\"heading.default\">\n\t\t\t\t<div class=\"elementor-widget-container\">\n\t\t\t<h4 class=\"elementor-heading-title elementor-size-default\">Youngcom GmbH<\/h4>\t\t<\/div>\n\t\t\t\t<\/div>\n\t\t\t\t<div class=\"elementor-element elementor-element-768a416e elementor-align-left elementor-icon-list--layout-traditional elementor-list-item-link-full_width elementor-widget elementor-widget-icon-list\" data-id=\"768a416e\" data-element_type=\"widget\" data-widget_type=\"icon-list.default\">\n\t\t\t\t<div class=\"elementor-widget-container\">\n\t\t\t\t\t<ul class=\"elementor-icon-list-items\">\n\t\t\t\t\t\t\t<li class=\"elementor-icon-list-item\">\n\t\t\t\t\t\t\t\t\t\t\t<a href=\"https:\/\/youngcom.de\/en\/impressum-2\/\">\n\n\t\t\t\t\t\t\t\t\t\t\t<span class=\"elementor-icon-list-text\">imprint<\/span>\n\t\t\t\t\t\t\t\t\t\t\t<\/a>\n\t\t\t\t\t\t\t\t\t<\/li>\n\t\t\t\t\t\t\t\t<li class=\"elementor-icon-list-item\">\n\t\t\t\t\t\t\t\t\t\t\t<a href=\"https:\/\/youngcom.de\/en\/datenschutz\/\">\n\n\t\t\t\t\t\t\t\t\t\t\t<span class=\"elementor-icon-list-text\">privacy<\/span>\n\t\t\t\t\t\t\t\t\t\t\t<\/a>\n\t\t\t\t\t\t\t\t\t<\/li>\n\t\t\t\t\t\t\t\t<li class=\"elementor-icon-list-item\">\n\t\t\t\t\t\t\t\t\t\t<span class=\"elementor-icon-list-text\">mail@youngcom.de<\/span>\n\t\t\t\t\t\t\t\t\t<\/li>\n\t\t\t\t\t\t<\/ul>\n\t\t\t\t<\/div>\n\t\t\t\t<\/div>\n\t\t\t\t\t<\/div>\n\t\t<\/div>\n\t\t\t\t\t\t\t<\/div>\n\t\t<\/section>\n\t\t\t\t\t\t<\/div>\n\t\t\t\t\t<\/div>","protected":false},"excerpt":{"rendered":"<p>Valuable insights for financial providers and insurance companies. YOUNGCOM Youngcom is the specialized partner for insurance companies and financial service providers who want to reach young adults and families. Through studies, reports, and the YoungBrandAwards, we translate the opinions and expectations of young adults and families into clear insights. The foundation for better products, credible communication, and sustainable growth. CONTACT STUDY: NEXT GEN [\u2026]<\/p>","protected":false},"author":1,"featured_media":0,"parent":0,"menu_order":0,"comment_status":"closed","ping_status":"closed","template":"","meta":[],"yoast_head":"<!-- This site is optimized with the Yoast SEO plugin v20.1 - https:\/\/yoast.com\/wordpress\/plugins\/seo\/ -->\n<title>Youngcom - Youngcom.de<\/title>\n<meta name=\"robots\" content=\"index, follow, max-snippet:-1, max-image-preview:large, max-video-preview:-1\" \/>\n<link rel=\"canonical\" href=\"https:\/\/youngcom.de\/en\/\" \/>\n<meta property=\"og:locale\" content=\"en_US\" \/>\n<meta property=\"og:type\" content=\"article\" \/>\n<meta property=\"og:title\" content=\"Youngcom - Youngcom.de\" \/>\n<meta property=\"og:description\" content=\"Wertvolle Insights f\u00fcr Finanzanbieter und Versicherungen. YOUNGCOM Youngcom ist der spezialisierte Partner f\u00fcr Versicherungen und Finanzdienstleister, die junge Erwachsene und Familien erreichen wollen. Mit Studien, Reports und den YoungBrandAwards \u00fcbersetzen wir Meinungen und Erwartungen junger Erwachsener und Familien in klare Insights. Die Grundlage f\u00fcr bessere Produkte, glaubw\u00fcrdige Kommunikation und nachhaltiges Wachstum. KONTAKT STUDIE: NEXT GEN [&hellip;]\" \/>\n<meta property=\"og:url\" content=\"https:\/\/youngcom.de\/en\/\" \/>\n<meta property=\"og:site_name\" content=\"Youngcom.de\" \/>\n<meta property=\"article:modified_time\" content=\"2026-01-02T15:20:19+00:00\" \/>\n<meta name=\"twitter:card\" content=\"summary_large_image\" \/>\n<meta name=\"twitter:label1\" content=\"Est. reading time\" \/>\n\t<meta name=\"twitter:data1\" content=\"1 minute\" \/>\n<script type=\"application\/ld+json\" class=\"yoast-schema-graph\">{\"@context\":\"https:\/\/schema.org\",\"@graph\":[{\"@type\":\"WebPage\",\"@id\":\"https:\/\/youngcom.de\/\",\"url\":\"https:\/\/youngcom.de\/\",\"name\":\"Youngcom - Youngcom.de\",\"isPartOf\":{\"@id\":\"https:\/\/youngcom.de\/#website\"},\"datePublished\":\"2024-09-19T13:47:24+00:00\",\"dateModified\":\"2026-01-02T15:20:19+00:00\",\"breadcrumb\":{\"@id\":\"https:\/\/youngcom.de\/#breadcrumb\"},\"inLanguage\":\"en-US\",\"potentialAction\":[{\"@type\":\"ReadAction\",\"target\":[\"https:\/\/youngcom.de\/\"]}]},{\"@type\":\"BreadcrumbList\",\"@id\":\"https:\/\/youngcom.de\/#breadcrumb\",\"itemListElement\":[{\"@type\":\"ListItem\",\"position\":1,\"name\":\"Startseite\",\"item\":\"https:\/\/youngcom.de\/\"},{\"@type\":\"ListItem\",\"position\":2,\"name\":\"Youngcom\"}]},{\"@type\":\"WebSite\",\"@id\":\"https:\/\/youngcom.de\/#website\",\"url\":\"https:\/\/youngcom.de\/\",\"name\":\"Youngcom.de\",\"description\":\"Generationenforschung\",\"potentialAction\":[{\"@type\":\"SearchAction\",\"target\":{\"@type\":\"EntryPoint\",\"urlTemplate\":\"https:\/\/youngcom.de\/?s={search_term_string}\"},\"query-input\":\"required name=search_term_string\"}],\"inLanguage\":\"en-US\"}]}<\/script>\n<!-- \/ Yoast SEO plugin. -->","yoast_head_json":{"title":"Youngcom - Youngcom.de","robots":{"index":"index","follow":"follow","max-snippet":"max-snippet:-1","max-image-preview":"max-image-preview:large","max-video-preview":"max-video-preview:-1"},"canonical":"https:\/\/youngcom.de\/en\/","og_locale":"en_US","og_type":"article","og_title":"Youngcom - Youngcom.de","og_description":"Wertvolle Insights f\u00fcr Finanzanbieter und Versicherungen. YOUNGCOM Youngcom ist der spezialisierte Partner f\u00fcr Versicherungen und Finanzdienstleister, die junge Erwachsene und Familien erreichen wollen. Mit Studien, Reports und den YoungBrandAwards \u00fcbersetzen wir Meinungen und Erwartungen junger Erwachsener und Familien in klare Insights. Die Grundlage f\u00fcr bessere Produkte, glaubw\u00fcrdige Kommunikation und nachhaltiges Wachstum. KONTAKT STUDIE: NEXT GEN [&hellip;]","og_url":"https:\/\/youngcom.de\/en\/","og_site_name":"Youngcom.de","article_modified_time":"2026-01-02T15:20:19+00:00","twitter_card":"summary_large_image","twitter_misc":{"Est. reading time":"1 minute"},"schema":{"@context":"https:\/\/schema.org","@graph":[{"@type":"WebPage","@id":"https:\/\/youngcom.de\/","url":"https:\/\/youngcom.de\/","name":"Youngcom - Youngcom.de","isPartOf":{"@id":"https:\/\/youngcom.de\/#website"},"datePublished":"2024-09-19T13:47:24+00:00","dateModified":"2026-01-02T15:20:19+00:00","breadcrumb":{"@id":"https:\/\/youngcom.de\/#breadcrumb"},"inLanguage":"en-US","potentialAction":[{"@type":"ReadAction","target":["https:\/\/youngcom.de\/"]}]},{"@type":"BreadcrumbList","@id":"https:\/\/youngcom.de\/#breadcrumb","itemListElement":[{"@type":"ListItem","position":1,"name":"Startseite","item":"https:\/\/youngcom.de\/"},{"@type":"ListItem","position":2,"name":"Youngcom"}]},{"@type":"WebSite","@id":"https:\/\/youngcom.de\/#website","url":"https:\/\/youngcom.de\/","name":"Youngcom.de","description":"Generationenforschung","potentialAction":[{"@type":"SearchAction","target":{"@type":"EntryPoint","urlTemplate":"https:\/\/youngcom.de\/?s={search_term_string}"},"query-input":"required name=search_term_string"}],"inLanguage":"en-US"}]}},"_links":{"self":[{"href":"https:\/\/youngcom.de\/en\/wp-json\/wp\/v2\/pages\/1198"}],"collection":[{"href":"https:\/\/youngcom.de\/en\/wp-json\/wp\/v2\/pages"}],"about":[{"href":"https:\/\/youngcom.de\/en\/wp-json\/wp\/v2\/types\/page"}],"author":[{"embeddable":true,"href":"https:\/\/youngcom.de\/en\/wp-json\/wp\/v2\/users\/1"}],"replies":[{"embeddable":true,"href":"https:\/\/youngcom.de\/en\/wp-json\/wp\/v2\/comments?post=1198"}],"version-history":[{"count":215,"href":"https:\/\/youngcom.de\/en\/wp-json\/wp\/v2\/pages\/1198\/revisions"}],"predecessor-version":[{"id":2319,"href":"https:\/\/youngcom.de\/en\/wp-json\/wp\/v2\/pages\/1198\/revisions\/2319"}],"wp:attachment":[{"href":"https:\/\/youngcom.de\/en\/wp-json\/wp\/v2\/media?parent=1198"}],"curies":[{"name":"wp","href":"https:\/\/api.w.org\/{rel}","templated":true}]}}