{"id":1313,"date":"2024-10-02T13:18:55","date_gmt":"2024-10-02T11:18:55","guid":{"rendered":"https:\/\/youngcom.de\/?page_id=1313"},"modified":"2025-07-02T14:35:14","modified_gmt":"2025-07-02T12:35:14","slug":"gamification","status":"publish","type":"page","link":"https:\/\/youngcom.de\/en\/gamification\/","title":{"rendered":"YOUNG BRAND AWARDS"},"content":{"rendered":"<div data-elementor-type=\"wp-page\" data-elementor-id=\"1313\" class=\"elementor elementor-1313\" data-elementor-settings=\"[]\">\n\t\t\t\t\t\t\t<div class=\"elementor-section-wrap\">\n\t\t\t\t\t\t\t<section class=\"elementor-section elementor-top-section elementor-element elementor-element-7a325773 elementor-section-height-min-height elementor-section-content-middle elementor-section-boxed elementor-section-height-default elementor-section-items-middle\" data-id=\"7a325773\" data-element_type=\"section\" data-settings=\"{&quot;background_background&quot;:&quot;classic&quot;}\">\n\t\t\t\t\t\t\t<div class=\"elementor-background-overlay\"><\/div>\n\t\t\t\t\t\t\t<div class=\"elementor-container elementor-column-gap-no\">\n\t\t\t\t\t<div class=\"elementor-column elementor-col-100 elementor-top-column elementor-element elementor-element-1d0d1368\" data-id=\"1d0d1368\" data-element_type=\"column\">\n\t\t\t<div class=\"elementor-widget-wrap elementor-element-populated\">\n\t\t\t\t\t\t\t\t<div class=\"elementor-element elementor-element-43d96f57 elementor-widget elementor-widget-heading\" data-id=\"43d96f57\" data-element_type=\"widget\" data-widget_type=\"heading.default\">\n\t\t\t\t<div class=\"elementor-widget-container\">\n\t\t\t<h2 class=\"elementor-heading-title elementor-size-default\">gamification<\/h2>\t\t<\/div>\n\t\t\t\t<\/div>\n\t\t\t\t\t<\/div>\n\t\t<\/div>\n\t\t\t\t\t\t\t<\/div>\n\t\t<\/section>\n\t\t\t\t<section class=\"elementor-section elementor-top-section elementor-element elementor-element-e8f3be0 elementor-section-boxed elementor-section-height-default elementor-section-height-default\" data-id=\"e8f3be0\" data-element_type=\"section\">\n\t\t\t\t\t\t<div class=\"elementor-container elementor-column-gap-default\">\n\t\t\t\t\t<div class=\"elementor-column elementor-col-100 elementor-top-column elementor-element elementor-element-9c6745a\" data-id=\"9c6745a\" data-element_type=\"column\">\n\t\t\t<div class=\"elementor-widget-wrap elementor-element-populated\">\n\t\t\t\t\t\t\t\t<div class=\"elementor-element elementor-element-1402551 elementor-widget elementor-widget-heading\" data-id=\"1402551\" data-element_type=\"widget\" data-widget_type=\"heading.default\">\n\t\t\t\t<div class=\"elementor-widget-container\">\n\t\t\t<h2 class=\"elementor-heading-title elementor-size-default\"><br>To understand what is popular among different generations, we regularly analyze <br>the latest gaming trends. Companies from outside the industry in particular must intensively consider the possibilities and benefits of sponsorships and\/or the development of their own games.\n<br><br>\nWith our cooperation with EASY ARCADE, we can not only offer comprehensive advice on the topic of &quot;gaming&quot;, but also realize the corresponding implementation.\n<br>\nWith EASY ARCADE, multiplayer games are developed as <b>white-label solution<\/b> for events, stores and other locations in a short time.<br><br>\nWith the EASY ARCADE technology we offer numerous advantages:\n<br><br>\n- Multiplayer games for up to 50 people (e.g. for events)<br>\n- Configurable controller layouts for the smartphone<br>\n- Extensive tracking and evaluation tools<br>\n<br>\nMore information here:<\/h2>\t\t<\/div>\n\t\t\t\t<\/div>\n\t\t\t\t<div class=\"elementor-element elementor-element-5f161ef elementor-widget elementor-widget-image\" data-id=\"5f161ef\" data-element_type=\"widget\" data-widget_type=\"image.default\">\n\t\t\t\t<div class=\"elementor-widget-container\">\n\t\t\t\t\t\t\t\t\t\t\t\t\t\t\t\t<a href=\"https:\/\/www.easyarcade.net\">\n\t\t\t\t\t\t\t<img width=\"300\" height=\"150\" src=\"https:\/\/youngcom.de\/wp-content\/uploads\/sites\/2\/2024\/10\/Easy-Arcade-Logo-300x150.jpg\" class=\"attachment-medium size-medium\" alt=\"\" loading=\"lazy\" srcset=\"https:\/\/youngcom.de\/wp-content\/uploads\/sites\/2\/2024\/10\/Easy-Arcade-Logo-300x150.jpg 300w, https:\/\/youngcom.de\/wp-content\/uploads\/sites\/2\/2024\/10\/Easy-Arcade-Logo-768x383.jpg 768w, https:\/\/youngcom.de\/wp-content\/uploads\/sites\/2\/2024\/10\/Easy-Arcade-Logo-18x9.jpg 18w, https:\/\/youngcom.de\/wp-content\/uploads\/sites\/2\/2024\/10\/Easy-Arcade-Logo-600x299.jpg 600w, https:\/\/youngcom.de\/wp-content\/uploads\/sites\/2\/2024\/10\/Easy-Arcade-Logo.jpg 982w\" sizes=\"(max-width: 300px) 100vw, 300px\" \/>\t\t\t\t\t\t\t\t<\/a>\n\t\t\t\t\t\t\t\t\t\t\t\t\t\t\t<\/div>\n\t\t\t\t<\/div>\n\t\t\t\t\t<\/div>\n\t\t<\/div>\n\t\t\t\t\t\t\t<\/div>\n\t\t<\/section>\n\t\t\t\t<section class=\"elementor-section elementor-top-section elementor-element elementor-element-47fd9bf5 elementor-section-boxed elementor-section-height-default elementor-section-height-default\" data-id=\"47fd9bf5\" data-element_type=\"section\" data-settings=\"{&quot;background_background&quot;:&quot;classic&quot;}\">\n\t\t\t\t\t\t<div class=\"elementor-container elementor-column-gap-default\">\n\t\t\t\t\t<div class=\"elementor-column elementor-col-100 elementor-top-column elementor-element elementor-element-65d3d700\" data-id=\"65d3d700\" data-element_type=\"column\">\n\t\t\t<div class=\"elementor-widget-wrap elementor-element-populated\">\n\t\t\t\t\t\t\t\t<div class=\"elementor-element elementor-element-1bf80d33 elementor-widget elementor-widget-heading\" data-id=\"1bf80d33\" data-element_type=\"widget\" data-widget_type=\"heading.default\">\n\t\t\t\t<div class=\"elementor-widget-container\">\n\t\t\t<h4 class=\"elementor-heading-title elementor-size-default\">Youngcom GmbH<\/h4>\t\t<\/div>\n\t\t\t\t<\/div>\n\t\t\t\t<div class=\"elementor-element elementor-element-6fbf9156 elementor-align-left elementor-icon-list--layout-traditional elementor-list-item-link-full_width elementor-widget elementor-widget-icon-list\" data-id=\"6fbf9156\" data-element_type=\"widget\" data-widget_type=\"icon-list.default\">\n\t\t\t\t<div class=\"elementor-widget-container\">\n\t\t\t\t\t<ul class=\"elementor-icon-list-items\">\n\t\t\t\t\t\t\t<li class=\"elementor-icon-list-item\">\n\t\t\t\t\t\t\t\t\t\t\t<a href=\"https:\/\/youngcom.de\/en\/impressum-2\/\">\n\n\t\t\t\t\t\t\t\t\t\t\t<span class=\"elementor-icon-list-text\">imprint<\/span>\n\t\t\t\t\t\t\t\t\t\t\t<\/a>\n\t\t\t\t\t\t\t\t\t<\/li>\n\t\t\t\t\t\t\t\t<li class=\"elementor-icon-list-item\">\n\t\t\t\t\t\t\t\t\t\t\t<a href=\"https:\/\/youngcom.de\/en\/datenschutz\/\">\n\n\t\t\t\t\t\t\t\t\t\t\t<span class=\"elementor-icon-list-text\">privacy<\/span>\n\t\t\t\t\t\t\t\t\t\t\t<\/a>\n\t\t\t\t\t\t\t\t\t<\/li>\n\t\t\t\t\t\t\t\t<li class=\"elementor-icon-list-item\">\n\t\t\t\t\t\t\t\t\t\t<span class=\"elementor-icon-list-text\">089 -300092-0<\/span>\n\t\t\t\t\t\t\t\t\t<\/li>\n\t\t\t\t\t\t\t\t<li class=\"elementor-icon-list-item\">\n\t\t\t\t\t\t\t\t\t\t<span class=\"elementor-icon-list-text\">info@youngcom.de<\/span>\n\t\t\t\t\t\t\t\t\t<\/li>\n\t\t\t\t\t\t<\/ul>\n\t\t\t\t<\/div>\n\t\t\t\t<\/div>\n\t\t\t\t\t<\/div>\n\t\t<\/div>\n\t\t\t\t\t\t\t<\/div>\n\t\t<\/section>\n\t\t\t\t\t\t<\/div>\n\t\t\t\t\t<\/div>","protected":false},"excerpt":{"rendered":"<p>Gamification Um zu verstehen, was bei den unterschiedlichen Generationen angesagt ist, analysieren wir regelm\u00e4\u00dfig die neuesten Spieletrends. Gerade branchenfremde Unternehmen m\u00fcssen sich intensiv mit den M\u00f6glichkeiten und dem Nutzen von Sponsorings und\/oder der Entwicklung eigener Spiele auseinandersetzen. Mit unserer Kooperation mit EASY ARCADE k\u00f6nnen wir nicht nur umfangreiche Beratung zum Thema &#8222;Gaming&#8220; anbieten, sondern auch [&hellip;]<\/p>\n","protected":false},"author":1,"featured_media":0,"parent":0,"menu_order":0,"comment_status":"closed","ping_status":"closed","template":"","meta":[],"yoast_head":"<!-- This site is optimized with the Yoast SEO plugin v20.1 - https:\/\/yoast.com\/wordpress\/plugins\/seo\/ -->\n<title>YOUNG BRAND AWARDS - Youngcom.de<\/title>\n<meta name=\"robots\" content=\"index, follow, max-snippet:-1, max-image-preview:large, max-video-preview:-1\" \/>\n<link rel=\"canonical\" href=\"https:\/\/youngcom.de\/en\/gamification\/\" \/>\n<meta property=\"og:locale\" content=\"en_US\" \/>\n<meta property=\"og:type\" content=\"article\" \/>\n<meta property=\"og:title\" content=\"YOUNG BRAND AWARDS - Youngcom.de\" \/>\n<meta property=\"og:description\" content=\"Gamification Um zu verstehen, was bei den unterschiedlichen Generationen angesagt ist, analysieren wir regelm\u00e4\u00dfig die neuesten Spieletrends. Gerade branchenfremde Unternehmen m\u00fcssen sich intensiv mit den M\u00f6glichkeiten und dem Nutzen von Sponsorings und\/oder der Entwicklung eigener Spiele auseinandersetzen. Mit unserer Kooperation mit EASY ARCADE k\u00f6nnen wir nicht nur umfangreiche Beratung zum Thema &#8222;Gaming&#8220; anbieten, sondern auch [&hellip;]\" \/>\n<meta property=\"og:url\" content=\"https:\/\/youngcom.de\/en\/gamification\/\" \/>\n<meta property=\"og:site_name\" content=\"Youngcom.de\" \/>\n<meta property=\"article:modified_time\" content=\"2025-07-02T12:35:14+00:00\" \/>\n<meta property=\"og:image\" content=\"https:\/\/youngcom.de\/wp-content\/uploads\/sites\/2\/2024\/10\/Easy-Arcade-Logo-300x150.jpg\" \/>\n<meta name=\"twitter:card\" content=\"summary_large_image\" \/>\n<meta name=\"twitter:label1\" content=\"Est. reading time\" \/>\n\t<meta name=\"twitter:data1\" content=\"1 minute\" \/>\n<script type=\"application\/ld+json\" class=\"yoast-schema-graph\">{\"@context\":\"https:\/\/schema.org\",\"@graph\":[{\"@type\":\"WebPage\",\"@id\":\"https:\/\/youngcom.de\/gamification\/\",\"url\":\"https:\/\/youngcom.de\/gamification\/\",\"name\":\"YOUNG BRAND AWARDS - Youngcom.de\",\"isPartOf\":{\"@id\":\"https:\/\/youngcom.de\/#website\"},\"datePublished\":\"2024-10-02T11:18:55+00:00\",\"dateModified\":\"2025-07-02T12:35:14+00:00\",\"breadcrumb\":{\"@id\":\"https:\/\/youngcom.de\/gamification\/#breadcrumb\"},\"inLanguage\":\"en-US\",\"potentialAction\":[{\"@type\":\"ReadAction\",\"target\":[\"https:\/\/youngcom.de\/gamification\/\"]}]},{\"@type\":\"BreadcrumbList\",\"@id\":\"https:\/\/youngcom.de\/gamification\/#breadcrumb\",\"itemListElement\":[{\"@type\":\"ListItem\",\"position\":1,\"name\":\"Startseite\",\"item\":\"https:\/\/youngcom.de\/\"},{\"@type\":\"ListItem\",\"position\":2,\"name\":\"YOUNG BRAND AWARDS\"}]},{\"@type\":\"WebSite\",\"@id\":\"https:\/\/youngcom.de\/#website\",\"url\":\"https:\/\/youngcom.de\/\",\"name\":\"Youngcom.de\",\"description\":\"Generationenforschung\",\"potentialAction\":[{\"@type\":\"SearchAction\",\"target\":{\"@type\":\"EntryPoint\",\"urlTemplate\":\"https:\/\/youngcom.de\/?s={search_term_string}\"},\"query-input\":\"required name=search_term_string\"}],\"inLanguage\":\"en-US\"}]}<\/script>\n<!-- \/ Yoast SEO plugin. -->","yoast_head_json":{"title":"YOUNG BRAND AWARDS - Youngcom.de","robots":{"index":"index","follow":"follow","max-snippet":"max-snippet:-1","max-image-preview":"max-image-preview:large","max-video-preview":"max-video-preview:-1"},"canonical":"https:\/\/youngcom.de\/en\/gamification\/","og_locale":"en_US","og_type":"article","og_title":"YOUNG BRAND AWARDS - Youngcom.de","og_description":"Gamification Um zu verstehen, was bei den unterschiedlichen Generationen angesagt ist, analysieren wir regelm\u00e4\u00dfig die neuesten Spieletrends. Gerade branchenfremde Unternehmen m\u00fcssen sich intensiv mit den M\u00f6glichkeiten und dem Nutzen von Sponsorings und\/oder der Entwicklung eigener Spiele auseinandersetzen. Mit unserer Kooperation mit EASY ARCADE k\u00f6nnen wir nicht nur umfangreiche Beratung zum Thema &#8222;Gaming&#8220; anbieten, sondern auch [&hellip;]","og_url":"https:\/\/youngcom.de\/en\/gamification\/","og_site_name":"Youngcom.de","article_modified_time":"2025-07-02T12:35:14+00:00","og_image":[{"url":"https:\/\/youngcom.de\/wp-content\/uploads\/sites\/2\/2024\/10\/Easy-Arcade-Logo-300x150.jpg"}],"twitter_card":"summary_large_image","twitter_misc":{"Est. reading time":"1 minute"},"schema":{"@context":"https:\/\/schema.org","@graph":[{"@type":"WebPage","@id":"https:\/\/youngcom.de\/gamification\/","url":"https:\/\/youngcom.de\/gamification\/","name":"YOUNG BRAND AWARDS - Youngcom.de","isPartOf":{"@id":"https:\/\/youngcom.de\/#website"},"datePublished":"2024-10-02T11:18:55+00:00","dateModified":"2025-07-02T12:35:14+00:00","breadcrumb":{"@id":"https:\/\/youngcom.de\/gamification\/#breadcrumb"},"inLanguage":"en-US","potentialAction":[{"@type":"ReadAction","target":["https:\/\/youngcom.de\/gamification\/"]}]},{"@type":"BreadcrumbList","@id":"https:\/\/youngcom.de\/gamification\/#breadcrumb","itemListElement":[{"@type":"ListItem","position":1,"name":"Startseite","item":"https:\/\/youngcom.de\/"},{"@type":"ListItem","position":2,"name":"YOUNG BRAND AWARDS"}]},{"@type":"WebSite","@id":"https:\/\/youngcom.de\/#website","url":"https:\/\/youngcom.de\/","name":"Youngcom.de","description":"generational research","potentialAction":[{"@type":"SearchAction","target":{"@type":"EntryPoint","urlTemplate":"https:\/\/youngcom.de\/?s={search_term_string}"},"query-input":"required name=search_term_string"}],"inLanguage":"en-US"}]}},"_links":{"self":[{"href":"https:\/\/youngcom.de\/en\/wp-json\/wp\/v2\/pages\/1313"}],"collection":[{"href":"https:\/\/youngcom.de\/en\/wp-json\/wp\/v2\/pages"}],"about":[{"href":"https:\/\/youngcom.de\/en\/wp-json\/wp\/v2\/types\/page"}],"author":[{"embeddable":true,"href":"https:\/\/youngcom.de\/en\/wp-json\/wp\/v2\/users\/1"}],"replies":[{"embeddable":true,"href":"https:\/\/youngcom.de\/en\/wp-json\/wp\/v2\/comments?post=1313"}],"version-history":[{"count":32,"href":"https:\/\/youngcom.de\/en\/wp-json\/wp\/v2\/pages\/1313\/revisions"}],"predecessor-version":[{"id":1708,"href":"https:\/\/youngcom.de\/en\/wp-json\/wp\/v2\/pages\/1313\/revisions\/1708"}],"wp:attachment":[{"href":"https:\/\/youngcom.de\/en\/wp-json\/wp\/v2\/media?parent=1313"}],"curies":[{"name":"wp","href":"https:\/\/api.w.org\/{rel}","templated":true}]}}