{"id":1892,"date":"2025-07-17T10:06:44","date_gmt":"2025-07-17T08:06:44","guid":{"rendered":"https:\/\/youngcom.de\/?page_id=1892"},"modified":"2025-11-05T11:55:37","modified_gmt":"2025-11-05T10:55:37","slug":"gamification-2","status":"publish","type":"page","link":"https:\/\/youngcom.de\/en\/gamification-2\/","title":{"rendered":"gamification"},"content":{"rendered":"<div data-elementor-type=\"wp-page\" data-elementor-id=\"1892\" class=\"elementor elementor-1892\" data-elementor-settings=\"[]\">\n\t\t\t\t\t\t\t<div class=\"elementor-section-wrap\">\n\t\t\t\t\t\t\t<section class=\"elementor-section elementor-top-section elementor-element elementor-element-7a325773 elementor-section-height-min-height elementor-section-content-middle elementor-section-boxed elementor-section-height-default elementor-section-items-middle\" data-id=\"7a325773\" data-element_type=\"section\" data-settings=\"{&quot;background_background&quot;:&quot;classic&quot;}\">\n\t\t\t\t\t\t\t<div class=\"elementor-background-overlay\"><\/div>\n\t\t\t\t\t\t\t<div class=\"elementor-container elementor-column-gap-no\">\n\t\t\t\t\t<div class=\"elementor-column elementor-col-50 elementor-top-column elementor-element elementor-element-1fe240e0\" data-id=\"1fe240e0\" data-element_type=\"column\">\n\t\t\t<div class=\"elementor-widget-wrap\">\n\t\t\t\t\t\t\t\t\t<\/div>\n\t\t<\/div>\n\t\t\t\t<div class=\"elementor-column elementor-col-50 elementor-top-column elementor-element elementor-element-1d0d1368\" data-id=\"1d0d1368\" data-element_type=\"column\">\n\t\t\t<div class=\"elementor-widget-wrap\">\n\t\t\t\t\t\t\t\t\t<\/div>\n\t\t<\/div>\n\t\t\t\t\t\t\t<\/div>\n\t\t<\/section>\n\t\t\t\t<section class=\"elementor-section elementor-top-section elementor-element elementor-element-e8f3be0 elementor-section-boxed elementor-section-height-default elementor-section-height-default\" data-id=\"e8f3be0\" data-element_type=\"section\">\n\t\t\t\t\t\t<div class=\"elementor-container elementor-column-gap-default\">\n\t\t\t\t\t<div class=\"elementor-column elementor-col-100 elementor-top-column elementor-element elementor-element-9c6745a\" data-id=\"9c6745a\" data-element_type=\"column\">\n\t\t\t<div class=\"elementor-widget-wrap elementor-element-populated\">\n\t\t\t\t\t\t\t\t<div class=\"elementor-element elementor-element-c2d5612 elementor-widget elementor-widget-heading\" data-id=\"c2d5612\" data-element_type=\"widget\" data-widget_type=\"heading.default\">\n\t\t\t\t<div class=\"elementor-widget-container\">\n\t\t\t<h2 class=\"elementor-heading-title elementor-size-default\">Gamification for financial and insurance providers<\/h2>\t\t<\/div>\n\t\t\t\t<\/div>\n\t\t\t\t<div class=\"elementor-element elementor-element-c181cfd elementor-widget__width-auto elementor-widget elementor-widget-heading\" data-id=\"c181cfd\" data-element_type=\"widget\" data-widget_type=\"heading.default\">\n\t\t\t\t<div class=\"elementor-widget-container\">\n\t\t\t<h2 class=\"elementor-heading-title elementor-size-default\"><b><span data-start=\"396\" data-end=\"463\">With NTERACT we offer i<\/span><span data-start=\"396\" data-end=\"463\">nnovative gamification solutions\n<\/span> for financial providers and insurance companies.<\/b>\nTo convey content in an interactive, entertaining way \u2013 directly at the POS, at events or in the digital space.\n<\/h2>\t\t<\/div>\n\t\t\t\t<\/div>\n\t\t\t\t\t<\/div>\n\t\t<\/div>\n\t\t\t\t\t\t\t<\/div>\n\t\t<\/section>\n\t\t\t\t<section class=\"elementor-section elementor-top-section elementor-element elementor-element-9b0c1c9 elementor-section-boxed elementor-section-height-default elementor-section-height-default\" data-id=\"9b0c1c9\" data-element_type=\"section\">\n\t\t\t\t\t\t<div class=\"elementor-container elementor-column-gap-default\">\n\t\t\t\t\t<div class=\"elementor-column elementor-col-100 elementor-top-column elementor-element elementor-element-efd5479\" data-id=\"efd5479\" data-element_type=\"column\">\n\t\t\t<div class=\"elementor-widget-wrap elementor-element-populated\">\n\t\t\t\t\t\t\t\t<div class=\"elementor-element elementor-element-7072dc0 elementor-widget elementor-widget-heading\" data-id=\"7072dc0\" data-element_type=\"widget\" data-widget_type=\"heading.default\">\n\t\t\t\t<div class=\"elementor-widget-container\">\n\t\t\t<h2 class=\"elementor-heading-title elementor-size-default\">INTERACT<\/h2>\t\t<\/div>\n\t\t\t\t<\/div>\n\t\t\t\t<div class=\"elementor-element elementor-element-d3bb308 elementor-widget elementor-widget-heading\" data-id=\"d3bb308\" data-element_type=\"widget\" data-widget_type=\"heading.default\">\n\t\t\t\t<div class=\"elementor-widget-container\">\n\t\t\t<h2 class=\"elementor-heading-title elementor-size-default\"><br>What motivates young adults? Interactive communication! Similar to video games: <strong data-start=\"543\" data-end=\"600\">Levels, challenges, daily quests and instant rewards.<\/strong><br><br><strong data-start=\"657\" data-end=\"750\">With NTERACT we offer the solution:<\/strong><br>Together with experts from the gaming industry, we design individual solutions that regularly activate your target groups \u2013 with maximum experience factor.<br>Whether in the mobile banking app, the customer portal, or as an external campaign \u2013 we integrate playful mechanics.<br><\/h2>\t\t<\/div>\n\t\t\t\t<\/div>\n\t\t\t\t\t<\/div>\n\t\t<\/div>\n\t\t\t\t\t\t\t<\/div>\n\t\t<\/section>\n\t\t\t\t<section class=\"elementor-section elementor-top-section elementor-element elementor-element-4360b1f elementor-section-boxed elementor-section-height-default elementor-section-height-default\" data-id=\"4360b1f\" data-element_type=\"section\">\n\t\t\t\t\t\t<div class=\"elementor-container elementor-column-gap-default\">\n\t\t\t\t\t<div class=\"elementor-column elementor-col-50 elementor-top-column elementor-element elementor-element-1cb8413\" data-id=\"1cb8413\" data-element_type=\"column\">\n\t\t\t<div class=\"elementor-widget-wrap elementor-element-populated\">\n\t\t\t\t\t\t\t\t<div class=\"elementor-element elementor-element-889f242 elementor-widget elementor-widget-heading\" data-id=\"889f242\" data-element_type=\"widget\" data-widget_type=\"heading.default\">\n\t\t\t\t<div class=\"elementor-widget-container\">\n\t\t\t<h2 class=\"elementor-heading-title elementor-size-default\">EXAMPLE: BKK PROVITA<\/h2>\t\t<\/div>\n\t\t\t\t<\/div>\n\t\t\t\t<div class=\"elementor-element elementor-element-77858a6 elementor-widget elementor-widget-image\" data-id=\"77858a6\" data-element_type=\"widget\" data-widget_type=\"image.default\">\n\t\t\t\t<div class=\"elementor-widget-container\">\n\t\t\t\t\t\t\t\t\t\t\t\t\t\t\t<img src=\"https:\/\/youngcom.de\/wp-content\/uploads\/sites\/2\/elementor\/thumbs\/Bildschirmfoto-2025-08-27-um-09.56.00-rcw9e14xjicoze2u8cjzn8lrch4wga7fabfakon89s.png\" title=\"Screenshot 2025-08-27 at 09:56:00\" alt=\"Bildschirmfoto 2025-08-27 um 09.56.00\" \/>\t\t\t\t\t\t\t\t\t\t\t\t\t\t\t<\/div>\n\t\t\t\t<\/div>\n\t\t\t\t\t<\/div>\n\t\t<\/div>\n\t\t\t\t<div class=\"elementor-column elementor-col-50 elementor-top-column elementor-element elementor-element-d5ee141\" data-id=\"d5ee141\" data-element_type=\"column\">\n\t\t\t<div class=\"elementor-widget-wrap elementor-element-populated\">\n\t\t\t\t\t\t\t\t<div class=\"elementor-element elementor-element-2af80cd elementor-widget elementor-widget-heading\" data-id=\"2af80cd\" data-element_type=\"widget\" data-widget_type=\"heading.default\">\n\t\t\t\t<div class=\"elementor-widget-container\">\n\t\t\t<h2 class=\"elementor-heading-title elementor-size-default\"><b>\n<\/b>Development of a <strong data-start=\"1066\" data-end=\"1098\">interactive health quiz<\/strong>, which attracts attention and encourages interaction both in stores (even outside opening hours!) and at trade fairs. <br>\n\n<b>The goal: <\/b><br>Attention, interaction and visibility \u2013 in a playful way.\n<br>\n<b>Locations:<\/b><br>\n1. In the offices\/shop windows; also playable at night<br>\n2. At trade fairs and events\n\n<\/h2>\t\t<\/div>\n\t\t\t\t<\/div>\n\t\t\t\t\t<\/div>\n\t\t<\/div>\n\t\t\t\t\t\t\t<\/div>\n\t\t<\/section>\n\t\t\t\t<section class=\"elementor-section elementor-top-section elementor-element elementor-element-4e92d4b0 elementor-section-boxed elementor-section-height-default elementor-section-height-default\" data-id=\"4e92d4b0\" data-element_type=\"section\" data-settings=\"{&quot;background_background&quot;:&quot;classic&quot;}\">\n\t\t\t\t\t\t<div class=\"elementor-container elementor-column-gap-default\">\n\t\t\t\t\t<div class=\"elementor-column elementor-col-100 elementor-top-column elementor-element elementor-element-678db626\" data-id=\"678db626\" data-element_type=\"column\">\n\t\t\t<div class=\"elementor-widget-wrap elementor-element-populated\">\n\t\t\t\t\t\t\t\t<div class=\"elementor-element elementor-element-17a1f153 elementor-widget elementor-widget-heading\" data-id=\"17a1f153\" data-element_type=\"widget\" data-widget_type=\"heading.default\">\n\t\t\t\t<div class=\"elementor-widget-container\">\n\t\t\t<h4 class=\"elementor-heading-title elementor-size-default\">Youngcom GmbH<\/h4>\t\t<\/div>\n\t\t\t\t<\/div>\n\t\t\t\t<div class=\"elementor-element elementor-element-75eae38b elementor-align-left elementor-icon-list--layout-traditional elementor-list-item-link-full_width elementor-widget elementor-widget-icon-list\" data-id=\"75eae38b\" data-element_type=\"widget\" data-widget_type=\"icon-list.default\">\n\t\t\t\t<div class=\"elementor-widget-container\">\n\t\t\t\t\t<ul class=\"elementor-icon-list-items\">\n\t\t\t\t\t\t\t<li class=\"elementor-icon-list-item\">\n\t\t\t\t\t\t\t\t\t\t\t<a href=\"https:\/\/youngcom.de\/en\/impressum-2\/\">\n\n\t\t\t\t\t\t\t\t\t\t\t<span class=\"elementor-icon-list-text\">imprint<\/span>\n\t\t\t\t\t\t\t\t\t\t\t<\/a>\n\t\t\t\t\t\t\t\t\t<\/li>\n\t\t\t\t\t\t\t\t<li class=\"elementor-icon-list-item\">\n\t\t\t\t\t\t\t\t\t\t\t<a href=\"https:\/\/youngcom.de\/en\/datenschutz\/\">\n\n\t\t\t\t\t\t\t\t\t\t\t<span class=\"elementor-icon-list-text\">privacy<\/span>\n\t\t\t\t\t\t\t\t\t\t\t<\/a>\n\t\t\t\t\t\t\t\t\t<\/li>\n\t\t\t\t\t\t\t\t<li class=\"elementor-icon-list-item\">\n\t\t\t\t\t\t\t\t\t\t<span class=\"elementor-icon-list-text\">mail@youngcom.de<\/span>\n\t\t\t\t\t\t\t\t\t<\/li>\n\t\t\t\t\t\t<\/ul>\n\t\t\t\t<\/div>\n\t\t\t\t<\/div>\n\t\t\t\t\t<\/div>\n\t\t<\/div>\n\t\t\t\t\t\t\t<\/div>\n\t\t<\/section>\n\t\t\t\t\t\t<\/div>\n\t\t\t\t\t<\/div>","protected":false},"excerpt":{"rendered":"<p>Gamification for Financial and Insurance Providers: With NTERACT, we offer innovative gamification solutions for financial and insurance providers. To convey content in an interactive and entertaining way \u2013 directly at the point of sale, at events, or in the digital space. NTERACT: What motivates young adults? Interactive communication! Similar to a video game: levels, challenges, daily quests, and instant rewards. With NTERACT, we offer the [\u2026]<\/p>","protected":false},"author":1,"featured_media":0,"parent":0,"menu_order":0,"comment_status":"closed","ping_status":"closed","template":"","meta":[],"yoast_head":"<!-- This site is optimized with the Yoast SEO plugin v20.1 - https:\/\/yoast.com\/wordpress\/plugins\/seo\/ -->\n<title>Gamification - Youngcom.de<\/title>\n<meta name=\"robots\" content=\"index, follow, max-snippet:-1, max-image-preview:large, max-video-preview:-1\" \/>\n<link rel=\"canonical\" href=\"https:\/\/youngcom.de\/en\/gamification-2\/\" \/>\n<meta property=\"og:locale\" content=\"en_US\" \/>\n<meta property=\"og:type\" content=\"article\" \/>\n<meta property=\"og:title\" content=\"Gamification - Youngcom.de\" \/>\n<meta property=\"og:description\" content=\"Gamification f\u00fcr Finanz- und Versicherungsanbieter Mit NTERACT bieten wir innovative Gamificationl\u00f6sungen f\u00fcr Finanzanbieter und Versicherungen. Um Inhalte auf interaktive, unterhaltsame Weise zu vermitteln \u2013 direkt am POS, auf Events oder im digitalen Raum. NTERACT Was motiviert junge Erwachsene? Interaktive Kommunikation! \u00c4hnlich wie beim Videospiel: Level, Challenges, Daily Quests und Sofortbelohnungen. Mit NTERACT bieten wir die [&hellip;]\" \/>\n<meta property=\"og:url\" content=\"https:\/\/youngcom.de\/en\/gamification-2\/\" \/>\n<meta property=\"og:site_name\" content=\"Youngcom.de\" \/>\n<meta property=\"article:modified_time\" content=\"2025-11-05T10:55:37+00:00\" \/>\n<meta property=\"og:image\" content=\"https:\/\/youngcom.de\/wp-content\/uploads\/sites\/2\/elementor\/thumbs\/Bildschirmfoto-2025-08-27-um-09.56.00-rcw9e14xjicoze2u8cjzn8lrch4wga7fabfakon89s.png\" \/>\n<meta name=\"twitter:card\" content=\"summary_large_image\" \/>\n<meta name=\"twitter:label1\" content=\"Est. reading time\" \/>\n\t<meta name=\"twitter:data1\" content=\"2 minutes\" \/>\n<script type=\"application\/ld+json\" class=\"yoast-schema-graph\">{\"@context\":\"https:\/\/schema.org\",\"@graph\":[{\"@type\":\"WebPage\",\"@id\":\"https:\/\/youngcom.de\/gamification-2\/\",\"url\":\"https:\/\/youngcom.de\/gamification-2\/\",\"name\":\"Gamification - Youngcom.de\",\"isPartOf\":{\"@id\":\"https:\/\/youngcom.de\/#website\"},\"datePublished\":\"2025-07-17T08:06:44+00:00\",\"dateModified\":\"2025-11-05T10:55:37+00:00\",\"breadcrumb\":{\"@id\":\"https:\/\/youngcom.de\/gamification-2\/#breadcrumb\"},\"inLanguage\":\"en-US\",\"potentialAction\":[{\"@type\":\"ReadAction\",\"target\":[\"https:\/\/youngcom.de\/gamification-2\/\"]}]},{\"@type\":\"BreadcrumbList\",\"@id\":\"https:\/\/youngcom.de\/gamification-2\/#breadcrumb\",\"itemListElement\":[{\"@type\":\"ListItem\",\"position\":1,\"name\":\"Startseite\",\"item\":\"https:\/\/youngcom.de\/\"},{\"@type\":\"ListItem\",\"position\":2,\"name\":\"Gamification\"}]},{\"@type\":\"WebSite\",\"@id\":\"https:\/\/youngcom.de\/#website\",\"url\":\"https:\/\/youngcom.de\/\",\"name\":\"Youngcom.de\",\"description\":\"Generationenforschung\",\"potentialAction\":[{\"@type\":\"SearchAction\",\"target\":{\"@type\":\"EntryPoint\",\"urlTemplate\":\"https:\/\/youngcom.de\/?s={search_term_string}\"},\"query-input\":\"required name=search_term_string\"}],\"inLanguage\":\"en-US\"}]}<\/script>\n<!-- \/ Yoast SEO plugin. -->","yoast_head_json":{"title":"Gamification - Youngcom.de","robots":{"index":"index","follow":"follow","max-snippet":"max-snippet:-1","max-image-preview":"max-image-preview:large","max-video-preview":"max-video-preview:-1"},"canonical":"https:\/\/youngcom.de\/en\/gamification-2\/","og_locale":"en_US","og_type":"article","og_title":"Gamification - Youngcom.de","og_description":"Gamification f\u00fcr Finanz- und Versicherungsanbieter Mit NTERACT bieten wir innovative Gamificationl\u00f6sungen f\u00fcr Finanzanbieter und Versicherungen. Um Inhalte auf interaktive, unterhaltsame Weise zu vermitteln \u2013 direkt am POS, auf Events oder im digitalen Raum. NTERACT Was motiviert junge Erwachsene? Interaktive Kommunikation! \u00c4hnlich wie beim Videospiel: Level, Challenges, Daily Quests und Sofortbelohnungen. Mit NTERACT bieten wir die [&hellip;]","og_url":"https:\/\/youngcom.de\/en\/gamification-2\/","og_site_name":"Youngcom.de","article_modified_time":"2025-11-05T10:55:37+00:00","og_image":[{"url":"https:\/\/youngcom.de\/wp-content\/uploads\/sites\/2\/elementor\/thumbs\/Bildschirmfoto-2025-08-27-um-09.56.00-rcw9e14xjicoze2u8cjzn8lrch4wga7fabfakon89s.png"}],"twitter_card":"summary_large_image","twitter_misc":{"Est. reading time":"2 minutes"},"schema":{"@context":"https:\/\/schema.org","@graph":[{"@type":"WebPage","@id":"https:\/\/youngcom.de\/gamification-2\/","url":"https:\/\/youngcom.de\/gamification-2\/","name":"Gamification - Youngcom.de","isPartOf":{"@id":"https:\/\/youngcom.de\/#website"},"datePublished":"2025-07-17T08:06:44+00:00","dateModified":"2025-11-05T10:55:37+00:00","breadcrumb":{"@id":"https:\/\/youngcom.de\/gamification-2\/#breadcrumb"},"inLanguage":"en-US","potentialAction":[{"@type":"ReadAction","target":["https:\/\/youngcom.de\/gamification-2\/"]}]},{"@type":"BreadcrumbList","@id":"https:\/\/youngcom.de\/gamification-2\/#breadcrumb","itemListElement":[{"@type":"ListItem","position":1,"name":"Startseite","item":"https:\/\/youngcom.de\/"},{"@type":"ListItem","position":2,"name":"Gamification"}]},{"@type":"WebSite","@id":"https:\/\/youngcom.de\/#website","url":"https:\/\/youngcom.de\/","name":"Youngcom.de","description":"Generationenforschung","potentialAction":[{"@type":"SearchAction","target":{"@type":"EntryPoint","urlTemplate":"https:\/\/youngcom.de\/?s={search_term_string}"},"query-input":"required name=search_term_string"}],"inLanguage":"en-US"}]}},"_links":{"self":[{"href":"https:\/\/youngcom.de\/en\/wp-json\/wp\/v2\/pages\/1892"}],"collection":[{"href":"https:\/\/youngcom.de\/en\/wp-json\/wp\/v2\/pages"}],"about":[{"href":"https:\/\/youngcom.de\/en\/wp-json\/wp\/v2\/types\/page"}],"author":[{"embeddable":true,"href":"https:\/\/youngcom.de\/en\/wp-json\/wp\/v2\/users\/1"}],"replies":[{"embeddable":true,"href":"https:\/\/youngcom.de\/en\/wp-json\/wp\/v2\/comments?post=1892"}],"version-history":[{"count":98,"href":"https:\/\/youngcom.de\/en\/wp-json\/wp\/v2\/pages\/1892\/revisions"}],"predecessor-version":[{"id":2289,"href":"https:\/\/youngcom.de\/en\/wp-json\/wp\/v2\/pages\/1892\/revisions\/2289"}],"wp:attachment":[{"href":"https:\/\/youngcom.de\/en\/wp-json\/wp\/v2\/media?parent=1892"}],"curies":[{"name":"wp","href":"https:\/\/api.w.org\/{rel}","templated":true}]}}